{"id":1164,"date":"2023-07-19T01:02:12","date_gmt":"2023-07-18T23:02:12","guid":{"rendered":"https:\/\/irenevicente.com\/arts-esceniques\/"},"modified":"2025-08-15T10:31:38","modified_gmt":"2025-08-15T08:31:38","slug":"artsesceniques","status":"publish","type":"page","link":"https:\/\/irenevicente.com\/ca\/artsesceniques\/","title":{"rendered":"ARTS ESC\u00c8NIQUES"},"content":{"rendered":"\t\t<div data-elementor-type=\"wp-page\" data-elementor-id=\"1164\" class=\"elementor elementor-1164 elementor-107\" data-elementor-post-type=\"page\">\n\t\t\t\t\t\t<section class=\"elementor-section elementor-top-section elementor-element elementor-element-e8631c9 elementor-section-boxed elementor-section-height-default elementor-section-height-default\" data-id=\"e8631c9\" data-element_type=\"section\" data-settings=\"{&quot;background_background&quot;:&quot;classic&quot;}\">\n\t\t\t\t\t\t<div class=\"elementor-container elementor-column-gap-default\">\n\t\t\t\t\t<div class=\"elementor-column elementor-col-100 elementor-top-column elementor-element elementor-element-6bd8956\" data-id=\"6bd8956\" data-element_type=\"column\">\n\t\t\t<div class=\"elementor-widget-wrap elementor-element-populated\">\n\t\t\t\t\t\t<div class=\"elementor-element elementor-element-e0cb6a1 elementor-widget elementor-widget-menu-anchor\" data-id=\"e0cb6a1\" data-element_type=\"widget\" data-widget_type=\"menu-anchor.default\">\n\t\t\t\t<div class=\"elementor-widget-container\">\n\t\t\t\t\t\t\t<div class=\"elementor-menu-anchor\" id=\"inici\"><\/div>\n\t\t\t\t\t\t<\/div>\n\t\t\t\t<\/div>\n\t\t\t\t\t<\/div>\n\t\t<\/div>\n\t\t\t\t\t<\/div>\n\t\t<\/section>\n\t\t\t\t<section class=\"elementor-section elementor-top-section elementor-element elementor-element-7fba645 elementor-section-content-space-between elementor-section-boxed elementor-section-height-default elementor-section-height-default\" data-id=\"7fba645\" data-element_type=\"section\">\n\t\t\t\t\t\t<div class=\"elementor-container elementor-column-gap-wider\">\n\t\t\t\t\t<div class=\"elementor-column elementor-col-50 elementor-top-column elementor-element elementor-element-1422676\" data-id=\"1422676\" data-element_type=\"column\">\n\t\t\t<div class=\"elementor-widget-wrap elementor-element-populated\">\n\t\t\t\t\t\t<div class=\"elementor-element elementor-element-cb54478 elementor-widget elementor-widget-text-editor\" data-id=\"cb54478\" data-element_type=\"widget\" data-widget_type=\"text-editor.default\">\n\t\t\t\t<div class=\"elementor-widget-container\">\n\t\t\t\t\t\t\t\t\t<p><span style=\"text-decoration: underline\"><strong>2025<\/strong><\/span><\/p><p><strong><a href=\"https:\/\/www.firatarrega.cat\/fira\/programa\/2025\/27\/foc-i-lloc\">FOC I LLOC<\/a> &#8211; Emma Riba, La S\u00fabita, Fira T\u00e0rrega<\/strong> &#8211; Dramat\u00fargia i textos.<\/p><p><a href=\"https:\/\/www.barcelona.cat\/grec\/ca\/espectacle\/oasi\"><strong>OASI\u00a0 <\/strong><\/a><strong>&#8211; Centre de les Arts Lliures i Festival GREC &#8211;<\/strong> Idea original, direcci\u00f3 i dramat\u00fargia.<\/p><p><strong><a href=\"https:\/\/www.exabrupto.cat\/el-cos-com-a-genesi\/\">I L&#8217;ACCI\u00d3 ES VA FER VERB<\/a> &#8211; Ex Abrupto<\/strong> &#8211; Curadoria del cicle de performance.<\/p><p><span style=\"text-decoration: underline\"><strong>2024<\/strong><\/span><\/p><p><a href=\"https:\/\/www.barcelona.cat\/nadal\/ca\/nadal-la-placa-de-catalunya-2025\"><strong>NATAL <\/strong><\/a> <strong>&#8211; ICUB &#8211;<\/strong> Dramat\u00fargia<\/p><p><strong><a href=\"https:\/\/www.barcelona.cat\/grec\/arxiugrec\/espectacle\/morir-lo-hace-todo-el-mundo\">MORIR LO HACE TODO EL MUNDO<\/a> &#8211; Jos\u00e9 y sus Hermanas, Teatre Lliure, Festival GREC<\/strong> &#8211; Assist\u00e8ncia de producci\u00f3 i dramat\u00fargica.<\/p><p><strong><a href=\"https:\/\/www.museunacional.cat\/ca\/activitats\/miratges-lombra-del-moulin-de-la-galette\">MIRATGES A L&#8217;OMBRA DEL <\/a><a href=\"https:\/\/www.museunacional.cat\/ca\/activitats\/miratges-lombra-del-moulin-de-la-galette\">MOULIN DE LA GALETTE <\/a>&#8211; MNAC &#8211; <\/strong>Idea original, direcci\u00f3 i dramat\u00fargia.<\/p><p><strong><a href=\"https:\/\/www.sismografolot.cat\/ca\/programacio\/c\/160-corpus.html\">CORPUS<\/a> &#8211; Sism\u00f2graf &#8211;<\/strong> Idea original, direcci\u00f3 i dramat\u00fargia<\/p><p><span style=\"text-decoration: underline\"><strong>2023<\/strong><\/span><\/p><p><strong><a href=\"https:\/\/www.lasubita.com\/pop\">POP<\/a> &#8211; La S\u00fabita &#8211; <\/strong>Co-dramat\u00fargia i direcci\u00f3.<\/p><p><strong><a href=\"http:\/\/museunacional.cat\/es\/actividades\/corpus-festival-grec-2023\">CORPUS<\/a> &#8211; MNAC i Festival GREC<\/strong> &#8211; Idea original, direcci\u00f3 i dramat\u00fargia<\/p><p><strong><a href=\"https:\/\/www.barcelona.cat\/grec\/arxiugrec\/es\/espectaculo\/guardianes-del-corazon-de-la-tierra\">GUARDIANES DEL CORAZ\u00d3N DE LA TIERRA<\/a> &#8211; La Villarroel, Festival GREC, Teatre Espa\u00f1ol, La Conquesta del pol sud<\/strong> &#8211; Producci\u00f3.<\/p><p><strong><a href=\"https:\/\/www.laconquesta.com\/proyectos\/imperio-la-nueva-ruta-de-la-seda\">IMPERI, LA NOVA RUTA DE LA SEDA<\/a> &#8211; Teatre de Girona, La Villarroel, La Conquesta del pol sud<\/strong>\u00a0&#8211; Producci\u00f3.<\/p><p><span style=\"text-decoration: underline\"><strong>2022<\/strong><\/span><\/p><p><strong><a href=\"https:\/\/www.barcelona.cat\/barcelonacultura\/es\/creacio-museus\/edicion-2022\/proyecto-8\">CORPUS<\/a> &#8211; Museu Mar\u00e8s i Festival GREC<\/strong> &#8211; Idea original, direcci\u00f3 i dramat\u00fargia<\/p>\t\t\t\t\t\t\t\t<\/div>\n\t\t\t\t<\/div>\n\t\t\t\t\t<\/div>\n\t\t<\/div>\n\t\t\t\t<div class=\"elementor-column elementor-col-50 elementor-top-column elementor-element elementor-element-1e8ab48\" data-id=\"1e8ab48\" data-element_type=\"column\" data-settings=\"{&quot;background_background&quot;:&quot;slideshow&quot;,&quot;background_slideshow_gallery&quot;:[{&quot;id&quot;:&quot;947&quot;,&quot;url&quot;:&quot;https:\\\/\\\/irenevicente.com\\\/wp-content\\\/uploads\\\/2024\\\/10\\\/IMG_2349-scaled.jpg&quot;},{&quot;id&quot;:&quot;957&quot;,&quot;url&quot;:&quot;https:\\\/\\\/irenevicente.com\\\/wp-content\\\/uploads\\\/2024\\\/10\\\/Copia-de-16_corpus_NI\\u00a9Piruetaphoto22-scaled.jpg&quot;},{&quot;id&quot;:&quot;939&quot;,&quot;url&quot;:&quot;https:\\\/\\\/irenevicente.com\\\/wp-content\\\/uploads\\\/2024\\\/10\\\/Copia-de-xIMG_2389.jpg&quot;},{&quot;id&quot;:&quot;415&quot;,&quot;url&quot;:&quot;https:\\\/\\\/irenevicente.com\\\/wp-content\\\/uploads\\\/2024\\\/08\\\/IMG_2232-scaled.jpg&quot;},{&quot;id&quot;:&quot;405&quot;,&quot;url&quot;:&quot;https:\\\/\\\/irenevicente.com\\\/wp-content\\\/uploads\\\/2024\\\/08\\\/49633258_578606805897575_6635011116906840064_o.jpg&quot;},{&quot;id&quot;:&quot;393&quot;,&quot;url&quot;:&quot;https:\\\/\\\/irenevicente.com\\\/wp-content\\\/uploads\\\/2024\\\/08\\\/18920769_304094846682107_4682186298111543487_o.jpg&quot;},{&quot;id&quot;:&quot;397&quot;,&quot;url&quot;:&quot;https:\\\/\\\/irenevicente.com\\\/wp-content\\\/uploads\\\/2024\\\/08\\\/22550275_357210114703913_5768813978966700705_o.jpg&quot;},{&quot;id&quot;:&quot;1623&quot;,&quot;url&quot;:&quot;https:\\\/\\\/irenevicente.com\\\/wp-content\\\/uploads\\\/2025\\\/07\\\/CARTELL-OASI-5-scaled.jpg&quot;},{&quot;id&quot;:&quot;955&quot;,&quot;url&quot;:&quot;https:\\\/\\\/irenevicente.com\\\/wp-content\\\/uploads\\\/2024\\\/10\\\/Copia-de-14_corpus_NI\\u00a9Piruetaphoto22-scaled.jpg&quot;},{&quot;id&quot;:&quot;979&quot;,&quot;url&quot;:&quot;https:\\\/\\\/irenevicente.com\\\/wp-content\\\/uploads\\\/2024\\\/10\\\/Copia-de-39_corpus_NI\\u00a9Piruetaphoto22-scaled.jpg&quot;}],&quot;background_slideshow_slide_duration&quot;:&quot;4000&quot;,&quot;background_slideshow_loop&quot;:&quot;yes&quot;,&quot;background_slideshow_slide_transition&quot;:&quot;fade&quot;,&quot;background_slideshow_transition_duration&quot;:500}\">\n\t\t\t<div class=\"elementor-widget-wrap\">\n\t\t\t\t\t\t\t<\/div>\n\t\t<\/div>\n\t\t\t\t\t<\/div>\n\t\t<\/section>\n\t\t\t\t<\/div>\n\t\t","protected":false},"excerpt":{"rendered":"<p>2025 FOC I LLOC &#8211; Emma Riba, La S\u00fabita, Fira T\u00e0rrega &#8211; Dramat\u00fargia i textos. OASI\u00a0 &#8211; Centre de les Arts Lliures i Festival GREC &#8211; Idea original, direcci\u00f3 i dramat\u00fargia. I L&#8217;ACCI\u00d3 ES VA FER VERB &#8211; Ex Abrupto &#8211; Curadoria del cicle de performance. 2024 NATAL &#8211; ICUB &#8211; Dramat\u00fargia MORIR LO HACE [&hellip;]<\/p>\n","protected":false},"author":1,"featured_media":0,"parent":0,"menu_order":0,"comment_status":"closed","ping_status":"closed","template":"","meta":{"footnotes":""},"class_list":["post-1164","page","type-page","status-publish","hentry"],"yoast_head":"<!-- This site is optimized with the Yoast SEO Premium plugin v20.11 (Yoast SEO v25.6) - https:\/\/yoast.com\/wordpress\/plugins\/seo\/ -->\n<title>ARTS ESC\u00c8NIQUES - Irene Vicente Salas<\/title>\n<meta name=\"robots\" content=\"index, follow, max-snippet:-1, max-image-preview:large, max-video-preview:-1\" \/>\n<link rel=\"canonical\" href=\"https:\/\/irenevicente.com\/artes-escenicas\/\" \/>\n<meta property=\"og:locale\" content=\"ca_ES\" \/>\n<meta property=\"og:type\" content=\"article\" \/>\n<meta property=\"og:title\" content=\"ARTS ESC\u00c8NIQUES\" \/>\n<meta property=\"og:description\" content=\"2025 FOC I LLOC &#8211; Emma Riba, La S\u00fabita, Fira T\u00e0rrega &#8211; Dramat\u00fargia i textos. OASI\u00a0 &#8211; Centre de les Arts Lliures i Festival GREC &#8211; Idea original, direcci\u00f3 i dramat\u00fargia. I L&#8217;ACCI\u00d3 ES VA FER VERB &#8211; Ex Abrupto &#8211; Curadoria del cicle de performance. 2024 NATAL &#8211; ICUB &#8211; Dramat\u00fargia MORIR LO HACE [&hellip;]\" \/>\n<meta property=\"og:url\" content=\"https:\/\/irenevicente.com\/artes-escenicas\/\" \/>\n<meta property=\"og:site_name\" content=\"Irene Vicente Salas\" \/>\n<meta property=\"article:modified_time\" content=\"2025-08-15T08:31:38+00:00\" \/>\n<meta name=\"twitter:card\" content=\"summary_large_image\" \/>\n<meta name=\"twitter:label1\" content=\"Temps estimat de lectura\" \/>\n\t<meta name=\"twitter:data1\" content=\"1 minut\" \/>\n<script type=\"application\/ld+json\" class=\"yoast-schema-graph\">{\"@context\":\"https:\/\/schema.org\",\"@graph\":[{\"@type\":\"WebPage\",\"@id\":\"https:\/\/irenevicente.com\/artes-escenicas\/\",\"url\":\"https:\/\/irenevicente.com\/artes-escenicas\/\",\"name\":\"ARTS ESC\u00c8NIQUES - Irene Vicente Salas\",\"isPartOf\":{\"@id\":\"https:\/\/irenevicente.com\/#website\"},\"datePublished\":\"2023-07-18T23:02:12+00:00\",\"dateModified\":\"2025-08-15T08:31:38+00:00\",\"breadcrumb\":{\"@id\":\"https:\/\/irenevicente.com\/artes-escenicas\/#breadcrumb\"},\"inLanguage\":\"ca\",\"potentialAction\":[{\"@type\":\"ReadAction\",\"target\":[\"https:\/\/irenevicente.com\/artes-escenicas\/\"]}]},{\"@type\":\"BreadcrumbList\",\"@id\":\"https:\/\/irenevicente.com\/artes-escenicas\/#breadcrumb\",\"itemListElement\":[{\"@type\":\"ListItem\",\"position\":1,\"name\":\"Portada\",\"item\":\"https:\/\/irenevicente.com\/ca\/\"},{\"@type\":\"ListItem\",\"position\":2,\"name\":\"ARTS ESC\u00c8NIQUES\"}]},{\"@type\":\"WebSite\",\"@id\":\"https:\/\/irenevicente.com\/#website\",\"url\":\"https:\/\/irenevicente.com\/\",\"name\":\"Irene Vicente Salas\",\"description\":\"Directora, dramaturga i creadora esc\u00e8nica\",\"potentialAction\":[{\"@type\":\"SearchAction\",\"target\":{\"@type\":\"EntryPoint\",\"urlTemplate\":\"https:\/\/irenevicente.com\/?s={search_term_string}\"},\"query-input\":{\"@type\":\"PropertyValueSpecification\",\"valueRequired\":true,\"valueName\":\"search_term_string\"}}],\"inLanguage\":\"ca\"}]}<\/script>\n<!-- \/ Yoast SEO Premium plugin. -->","yoast_head_json":{"title":"ARTS ESC\u00c8NIQUES - Irene Vicente Salas","robots":{"index":"index","follow":"follow","max-snippet":"max-snippet:-1","max-image-preview":"max-image-preview:large","max-video-preview":"max-video-preview:-1"},"canonical":"https:\/\/irenevicente.com\/artes-escenicas\/","og_locale":"ca_ES","og_type":"article","og_title":"ARTS ESC\u00c8NIQUES","og_description":"2025 FOC I LLOC &#8211; Emma Riba, La S\u00fabita, Fira T\u00e0rrega &#8211; Dramat\u00fargia i textos. OASI\u00a0 &#8211; Centre de les Arts Lliures i Festival GREC &#8211; Idea original, direcci\u00f3 i dramat\u00fargia. I L&#8217;ACCI\u00d3 ES VA FER VERB &#8211; Ex Abrupto &#8211; Curadoria del cicle de performance. 2024 NATAL &#8211; ICUB &#8211; Dramat\u00fargia MORIR LO HACE [&hellip;]","og_url":"https:\/\/irenevicente.com\/artes-escenicas\/","og_site_name":"Irene Vicente Salas","article_modified_time":"2025-08-15T08:31:38+00:00","twitter_card":"summary_large_image","twitter_misc":{"Temps estimat de lectura":"1 minut"},"schema":{"@context":"https:\/\/schema.org","@graph":[{"@type":"WebPage","@id":"https:\/\/irenevicente.com\/artes-escenicas\/","url":"https:\/\/irenevicente.com\/artes-escenicas\/","name":"ARTS ESC\u00c8NIQUES - Irene Vicente Salas","isPartOf":{"@id":"https:\/\/irenevicente.com\/#website"},"datePublished":"2023-07-18T23:02:12+00:00","dateModified":"2025-08-15T08:31:38+00:00","breadcrumb":{"@id":"https:\/\/irenevicente.com\/artes-escenicas\/#breadcrumb"},"inLanguage":"ca","potentialAction":[{"@type":"ReadAction","target":["https:\/\/irenevicente.com\/artes-escenicas\/"]}]},{"@type":"BreadcrumbList","@id":"https:\/\/irenevicente.com\/artes-escenicas\/#breadcrumb","itemListElement":[{"@type":"ListItem","position":1,"name":"Portada","item":"https:\/\/irenevicente.com\/ca\/"},{"@type":"ListItem","position":2,"name":"ARTS ESC\u00c8NIQUES"}]},{"@type":"WebSite","@id":"https:\/\/irenevicente.com\/#website","url":"https:\/\/irenevicente.com\/","name":"Irene Vicente Salas","description":"Directora, dramaturga i creadora esc\u00e8nica","potentialAction":[{"@type":"SearchAction","target":{"@type":"EntryPoint","urlTemplate":"https:\/\/irenevicente.com\/?s={search_term_string}"},"query-input":{"@type":"PropertyValueSpecification","valueRequired":true,"valueName":"search_term_string"}}],"inLanguage":"ca"}]}},"_links":{"self":[{"href":"https:\/\/irenevicente.com\/ca\/wp-json\/wp\/v2\/pages\/1164","targetHints":{"allow":["GET"]}}],"collection":[{"href":"https:\/\/irenevicente.com\/ca\/wp-json\/wp\/v2\/pages"}],"about":[{"href":"https:\/\/irenevicente.com\/ca\/wp-json\/wp\/v2\/types\/page"}],"author":[{"embeddable":true,"href":"https:\/\/irenevicente.com\/ca\/wp-json\/wp\/v2\/users\/1"}],"replies":[{"embeddable":true,"href":"https:\/\/irenevicente.com\/ca\/wp-json\/wp\/v2\/comments?post=1164"}],"version-history":[{"count":26,"href":"https:\/\/irenevicente.com\/ca\/wp-json\/wp\/v2\/pages\/1164\/revisions"}],"predecessor-version":[{"id":1656,"href":"https:\/\/irenevicente.com\/ca\/wp-json\/wp\/v2\/pages\/1164\/revisions\/1656"}],"wp:attachment":[{"href":"https:\/\/irenevicente.com\/ca\/wp-json\/wp\/v2\/media?parent=1164"}],"curies":[{"name":"wp","href":"https:\/\/api.w.org\/{rel}","templated":true}]}}