{"id":1168,"date":"2024-08-19T15:15:29","date_gmt":"2024-08-19T13:15:29","guid":{"rendered":"https:\/\/irenevicente.com\/biografia\/"},"modified":"2025-06-25T09:28:02","modified_gmt":"2025-06-25T07:28:02","slug":"biografia","status":"publish","type":"page","link":"https:\/\/irenevicente.com\/ca\/biografia\/","title":{"rendered":"BIOGRAFIA"},"content":{"rendered":"\t\t<div data-elementor-type=\"wp-page\" data-elementor-id=\"1168\" class=\"elementor elementor-1168 elementor-535\" data-elementor-post-type=\"page\">\n\t\t\t\t\t\t<section class=\"elementor-section elementor-top-section elementor-element elementor-element-a2ef8e1 elementor-section-boxed elementor-section-height-default elementor-section-height-default\" data-id=\"a2ef8e1\" data-element_type=\"section\" data-settings=\"{&quot;background_background&quot;:&quot;classic&quot;}\">\n\t\t\t\t\t\t<div class=\"elementor-container elementor-column-gap-default\">\n\t\t\t\t\t<div class=\"elementor-column elementor-col-100 elementor-top-column elementor-element elementor-element-d9d044c\" data-id=\"d9d044c\" data-element_type=\"column\">\n\t\t\t<div class=\"elementor-widget-wrap elementor-element-populated\">\n\t\t\t\t\t\t<div class=\"elementor-element elementor-element-67cb962 elementor-widget elementor-widget-spacer\" data-id=\"67cb962\" data-element_type=\"widget\" data-widget_type=\"spacer.default\">\n\t\t\t\t<div class=\"elementor-widget-container\">\n\t\t\t\t\t\t\t<div class=\"elementor-spacer\">\n\t\t\t<div class=\"elementor-spacer-inner\"><\/div>\n\t\t<\/div>\n\t\t\t\t\t\t<\/div>\n\t\t\t\t<\/div>\n\t\t\t\t<div class=\"elementor-element elementor-element-f6c6c01 elementor-widget elementor-widget-heading\" data-id=\"f6c6c01\" data-element_type=\"widget\" data-widget_type=\"heading.default\">\n\t\t\t\t<div class=\"elementor-widget-container\">\n\t\t\t\t\t<h2 class=\"elementor-heading-title elementor-size-default\">BIOGRAFIA<\/h2>\t\t\t\t<\/div>\n\t\t\t\t<\/div>\n\t\t\t\t\t<\/div>\n\t\t<\/div>\n\t\t\t\t\t<\/div>\n\t\t<\/section>\n\t\t\t\t<section class=\"elementor-section elementor-top-section elementor-element elementor-element-2b74ea0 elementor-section-boxed elementor-section-height-default elementor-section-height-default\" data-id=\"2b74ea0\" data-element_type=\"section\" data-settings=\"{&quot;background_background&quot;:&quot;classic&quot;}\">\n\t\t\t\t\t\t<div class=\"elementor-container elementor-column-gap-default\">\n\t\t\t\t\t<div class=\"elementor-column elementor-col-50 elementor-top-column elementor-element elementor-element-d411cab\" data-id=\"d411cab\" data-element_type=\"column\">\n\t\t\t<div class=\"elementor-widget-wrap elementor-element-populated\">\n\t\t\t\t\t\t<section class=\"elementor-section elementor-inner-section elementor-element elementor-element-e354e8f elementor-section-boxed elementor-section-height-default elementor-section-height-default\" data-id=\"e354e8f\" data-element_type=\"section\">\n\t\t\t\t\t\t<div class=\"elementor-container elementor-column-gap-default\">\n\t\t\t\t\t<div class=\"elementor-column elementor-col-50 elementor-inner-column elementor-element elementor-element-fd9e4ee\" data-id=\"fd9e4ee\" data-element_type=\"column\">\n\t\t\t<div class=\"elementor-widget-wrap elementor-element-populated\">\n\t\t\t\t\t\t<div class=\"elementor-element elementor-element-199411c elementor-widget__width-initial elementor-widget elementor-widget-image\" data-id=\"199411c\" data-element_type=\"widget\" data-widget_type=\"image.default\">\n\t\t\t\t<div class=\"elementor-widget-container\">\n\t\t\t\t\t\t\t\t\t\t\t\t\t\t\t<img fetchpriority=\"high\" decoding=\"async\" width=\"731\" height=\"1024\" src=\"https:\/\/irenevicente.com\/wp-content\/uploads\/2024\/11\/23-11-12_JPG_Ire-a-Claret-102-731x1024.jpg\" class=\"attachment-large size-large wp-image-1111\" alt=\"\" srcset=\"https:\/\/irenevicente.com\/wp-content\/uploads\/2024\/11\/23-11-12_JPG_Ire-a-Claret-102-731x1024.jpg 731w, https:\/\/irenevicente.com\/wp-content\/uploads\/2024\/11\/23-11-12_JPG_Ire-a-Claret-102-214x300.jpg 214w, https:\/\/irenevicente.com\/wp-content\/uploads\/2024\/11\/23-11-12_JPG_Ire-a-Claret-102-768x1075.jpg 768w, https:\/\/irenevicente.com\/wp-content\/uploads\/2024\/11\/23-11-12_JPG_Ire-a-Claret-102-1097x1536.jpg 1097w, https:\/\/irenevicente.com\/wp-content\/uploads\/2024\/11\/23-11-12_JPG_Ire-a-Claret-102-1463x2048.jpg 1463w, https:\/\/irenevicente.com\/wp-content\/uploads\/2024\/11\/23-11-12_JPG_Ire-a-Claret-102-scaled.jpg 1828w\" sizes=\"(max-width: 731px) 100vw, 731px\" \/>\t\t\t\t\t\t\t\t\t\t\t\t\t\t\t<\/div>\n\t\t\t\t<\/div>\n\t\t\t\t\t<\/div>\n\t\t<\/div>\n\t\t\t\t<div class=\"elementor-column elementor-col-50 elementor-inner-column elementor-element elementor-element-cf3fe61\" data-id=\"cf3fe61\" data-element_type=\"column\">\n\t\t\t<div class=\"elementor-widget-wrap elementor-element-populated\">\n\t\t\t\t\t\t<div class=\"elementor-element elementor-element-4dc0c4e elementor-widget elementor-widget-heading\" data-id=\"4dc0c4e\" data-element_type=\"widget\" data-widget_type=\"heading.default\">\n\t\t\t\t<div class=\"elementor-widget-container\">\n\t\t\t\t\t<h2 class=\"elementor-heading-title elementor-size-default\">Em dic Irene Vicente Salas, s\u00f3c dramaturga, escen\u00f2grafa, escriptora i performer, entre altres coses...<\/h2>\t\t\t\t<\/div>\n\t\t\t\t<\/div>\n\t\t\t\t\t<\/div>\n\t\t<\/div>\n\t\t\t\t\t<\/div>\n\t\t<\/section>\n\t\t\t\t<div class=\"elementor-element elementor-element-d5d9036 elementor-widget elementor-widget-spacer\" data-id=\"d5d9036\" data-element_type=\"widget\" data-widget_type=\"spacer.default\">\n\t\t\t\t<div class=\"elementor-widget-container\">\n\t\t\t\t\t\t\t<div class=\"elementor-spacer\">\n\t\t\t<div class=\"elementor-spacer-inner\"><\/div>\n\t\t<\/div>\n\t\t\t\t\t\t<\/div>\n\t\t\t\t<\/div>\n\t\t\t\t<div class=\"elementor-element elementor-element-95f322c elementor-widget elementor-widget-menu-anchor\" data-id=\"95f322c\" data-element_type=\"widget\" data-widget_type=\"menu-anchor.default\">\n\t\t\t\t<div class=\"elementor-widget-container\">\n\t\t\t\t\t\t\t<div class=\"elementor-menu-anchor\" id=\"bioNOW\"><\/div>\n\t\t\t\t\t\t<\/div>\n\t\t\t\t<\/div>\n\t\t\t\t<div class=\"elementor-element elementor-element-1b1930e elementor-widget elementor-widget-heading\" data-id=\"1b1930e\" data-element_type=\"widget\" data-widget_type=\"heading.default\">\n\t\t\t\t<div class=\"elementor-widget-container\">\n\t\t\t\t\t<h2 class=\"elementor-heading-title elementor-size-default\"><span><p dir=\"ltr\" style=\"line-height:1.7999999999999998;margin-top:0pt;margin-bottom:12pt\"><span style=\"font-size: 12pt;, serif;background-color: transparent;vertical-align: baseline\">Em formo com a historiadora de l'art especialitzada en hist\u00f2ria de les arts esc\u00e8niques a la UB (Barcelona) i a La Sapienza (Roma) i, posteriorment, com a directora i dramaturga a l'Institut de l' Teatre (Barcelona i Vic). Curso tamb\u00e9 dos postgraus, el primer de Producci\u00f3 i gesti\u00f3 d\u2019espectacles i esdeveniments culturals a l\u2019IL3 (UB de Barcelona) i l\u2019altre de Teatre i Educaci\u00f3 a l\u2019Institut del teatre de Vic.<\/span><\/p><p dir=\"ltr\" style=\"line-height:1.7999999999999998;margin-top:0pt;margin-bottom:12pt\"><span style=\"font-size: 12pt;, serif;background-color: transparent;vertical-align: baseline\"><span>\t<\/span><\/span><span style=\"font-size: 12pt;, serif;background-color: transparent;vertical-align: baseline\">El meu treball com a creadora esc\u00e8nica passa per la revisi\u00f3 dels estereotips dels cossos des de la seva primera representaci\u00f3 art\u00edstica fins als nostres dies, tradu\u00eft a escena d'una manera visual, compositiva i coreogr\u00e0fica. En son exemple els UNHEIMLICH (beca Kin\u00e8tic del CC Parc Sandaru i beca DespertaLab a la Nau Ivanow exhibici\u00f3 a Sala Atrium, Festival TNT 2019 i Casa Elizalde), CORPUS, una exposici\u00f3 perform\u00e0tica que es desenvolupa als museus d'art i que es modifica sempre segons la col\u00b7lecci\u00f3 del mateix museu. A partir de les obres de la col\u00b7lecci\u00f3 fixa del museu, genero escenes que ens permeten recon\u00e8ixer els grans temes de la hist\u00f2ria de l'art i portar-los a la contemporane\u00eftat. S'ha presentat al Museu Mar\u00e8s i al MNAC de Barcelona, tots dos sota el paraig\u00fces del festival GREC 2022 i 2023 i al Museu de la Garrotxa d'Olot sota el paraig\u00fces del Festival SISM\u00d2GRAF 2024.&nbsp;<\/span><\/p><p dir=\"ltr\" style=\"line-height:1.7999999999999998;margin-top:0pt;margin-bottom:12pt\"><span style=\"font-size: 12pt;, serif;background-color: transparent;vertical-align: baseline\"><span>\t<\/span><\/span><span style=\"font-size: 12pt;, serif;background-color: transparent;vertical-align: baseline\">Pr\u00e8viament, he estrenat AUT\u00d2NOMA a l\u2019Antic Teatre i a Can Felipa (2017) i a inicis del 2020 hem estat treballant en el projecte ELLAS COMEN a Teatropuerto, Xil\u00b7le, La Serena, en una estada d\u2019un mes, gr\u00e0cies a ser companyia resident a la Nau Ivanow.<\/span><\/p><\/span><\/h2>\t\t\t\t<\/div>\n\t\t\t\t<\/div>\n\t\t\t\t\t<\/div>\n\t\t<\/div>\n\t\t\t\t<div class=\"elementor-column elementor-col-50 elementor-top-column elementor-element elementor-element-476971c\" data-id=\"476971c\" data-element_type=\"column\">\n\t\t\t<div class=\"elementor-widget-wrap elementor-element-populated\">\n\t\t\t\t\t\t<section class=\"elementor-section elementor-inner-section elementor-element elementor-element-f728b19 elementor-section-boxed elementor-section-height-default elementor-section-height-default\" data-id=\"f728b19\" data-element_type=\"section\">\n\t\t\t\t\t\t<div class=\"elementor-container elementor-column-gap-default\">\n\t\t\t\t\t<div class=\"elementor-column elementor-col-50 elementor-inner-column elementor-element elementor-element-e75affc\" data-id=\"e75affc\" data-element_type=\"column\">\n\t\t\t<div class=\"elementor-widget-wrap elementor-element-populated\">\n\t\t\t\t\t\t<div class=\"elementor-element elementor-element-9c5e13f elementor-widget__width-initial elementor-widget elementor-widget-image\" data-id=\"9c5e13f\" data-element_type=\"widget\" data-widget_type=\"image.default\">\n\t\t\t\t<div class=\"elementor-widget-container\">\n\t\t\t\t\t\t\t\t\t\t\t\t\t\t\t<img decoding=\"async\" width=\"731\" height=\"1024\" src=\"https:\/\/irenevicente.com\/wp-content\/uploads\/2024\/11\/23-11-12_JPG_Ire-a-Claret-133-731x1024.jpg\" class=\"attachment-large size-large wp-image-1113\" alt=\"\" srcset=\"https:\/\/irenevicente.com\/wp-content\/uploads\/2024\/11\/23-11-12_JPG_Ire-a-Claret-133-731x1024.jpg 731w, https:\/\/irenevicente.com\/wp-content\/uploads\/2024\/11\/23-11-12_JPG_Ire-a-Claret-133-214x300.jpg 214w, https:\/\/irenevicente.com\/wp-content\/uploads\/2024\/11\/23-11-12_JPG_Ire-a-Claret-133-768x1075.jpg 768w, https:\/\/irenevicente.com\/wp-content\/uploads\/2024\/11\/23-11-12_JPG_Ire-a-Claret-133-1097x1536.jpg 1097w, https:\/\/irenevicente.com\/wp-content\/uploads\/2024\/11\/23-11-12_JPG_Ire-a-Claret-133-1463x2048.jpg 1463w, https:\/\/irenevicente.com\/wp-content\/uploads\/2024\/11\/23-11-12_JPG_Ire-a-Claret-133-scaled.jpg 1828w\" sizes=\"(max-width: 731px) 100vw, 731px\" \/>\t\t\t\t\t\t\t\t\t\t\t\t\t\t\t<\/div>\n\t\t\t\t<\/div>\n\t\t\t\t\t<\/div>\n\t\t<\/div>\n\t\t\t\t<div class=\"elementor-column elementor-col-50 elementor-inner-column elementor-element elementor-element-fe3e961\" data-id=\"fe3e961\" data-element_type=\"column\">\n\t\t\t<div class=\"elementor-widget-wrap elementor-element-populated\">\n\t\t\t\t\t\t<div class=\"elementor-element elementor-element-994e8c1 elementor-view-default elementor-widget elementor-widget-icon\" data-id=\"994e8c1\" data-element_type=\"widget\" data-widget_type=\"icon.default\">\n\t\t\t\t<div class=\"elementor-widget-container\">\n\t\t\t\t\t\t\t<div class=\"elementor-icon-wrapper\">\n\t\t\t<a class=\"elementor-icon\" href=\"#bioNOW\">\n\t\t\t<i aria-hidden=\"true\" class=\"fas fa-chevron-right\"><\/i>\t\t\t<\/a>\n\t\t<\/div>\n\t\t\t\t\t\t<\/div>\n\t\t\t\t<\/div>\n\t\t\t\t\t<\/div>\n\t\t<\/div>\n\t\t\t\t\t<\/div>\n\t\t<\/section>\n\t\t\t\t<div class=\"elementor-element elementor-element-43359aa elementor-widget elementor-widget-spacer\" data-id=\"43359aa\" data-element_type=\"widget\" data-widget_type=\"spacer.default\">\n\t\t\t\t<div class=\"elementor-widget-container\">\n\t\t\t\t\t\t\t<div class=\"elementor-spacer\">\n\t\t\t<div class=\"elementor-spacer-inner\"><\/div>\n\t\t<\/div>\n\t\t\t\t\t\t<\/div>\n\t\t\t\t<\/div>\n\t\t\t\t<div class=\"elementor-element elementor-element-a572a7c elementor-widget__width-initial elementor-widget elementor-widget-heading\" data-id=\"a572a7c\" data-element_type=\"widget\" data-widget_type=\"heading.default\">\n\t\t\t\t<div class=\"elementor-widget-container\">\n\t\t\t\t\t<h2 class=\"elementor-heading-title elementor-size-default\"><span id=\"docs-internal-guid-ecffc78c-7fff-e808-a439-692524a112b5\"><p dir=\"ltr\" style=\"line-height:1.7999999999999998;margin-top:0pt;margin-bottom:12pt\"><span style=\"font-size: 12pt;, serif;background-color: transparent;vertical-align: baseline\">He treballat i treballo com dramaturgista en els espectacles MACHO MAN, Aquest pa\u00eds no descobert (..) i Of\u00e8lia (Panic Attack) d'\u00c0lex Rigola, companyia de la que he estat productora i gerent durant cinc anys (2018 - 2023). Tamb\u00e9 he treballat com a dramaturgista a l\u2019espectacle NO PUC ARRENCAR-ME EL CAP d\u2019Alba Pujol, (Escenes 2021 de l\u2019Auditori de Barcelona), a l\u2019espectacle POP de Laura Alcal\u00e0 i la companyia de dansa La S\u00fabita, i actualment treballo com a dramaturga i mirada externa en el seg\u00fcent espectacle de Jos\u00e9 y sus Hermanas (GREC 2024). Tamb\u00e9 he treballat com a ajudant de direcci\u00f3 de la Lali \u00c1lvarez a RAGAZZO i BARCELONA, CONTRA LA PARET (Nau Ivanow, Teatre Lliure, Fira T\u00e0rrega i Antic Teatre) i amb Evelyn Ar\u00e9valo a LA SUMA I LA RESTA (Sala F\u00e8nix).&nbsp;<\/span><\/p><p dir=\"ltr\" style=\"line-height:1.7999999999999998;margin-top:0pt;margin-bottom:12pt\"><span style=\"font-size: 12pt;, serif;background-color: transparent;vertical-align: baseline\"><span class=\"Apple-tab-span\">\t<\/span><\/span><span style=\"font-size: 12pt;, serif;background-color: transparent;vertical-align: baseline\">Fora de la pr\u00e0ctica esc\u00e8nica, he guiat i coordinat les visites guiades nudistes al museu Arqueol\u00f2gic de Barcelona, que es varen dur a terme a inicis de la temporada 23\/24. I tamb\u00e9 he escrit per enc\u00e0rrec articles per la Xarxa Transversal com SOTA TERRA, A LA RECERCA D\u2019UN TEMPS TEL\u00b7LU\u0301RIC, D\u2019UN ESPAI ATA\u0300VIC, a partir de l\u2019espectacle SOTA TERRA de Moon Ribas i Quim Gir\u00f3n i l\u2019article VISITA A ELS BRONZES DE RIACE- CONNECTAR AMB LA HISTO\u0300RIA A TRAVE\u0301S DEL PROPI COS per a la revista del Club Naturista de Catalunya.<\/span><\/p><\/span><\/h2>\t\t\t\t<\/div>\n\t\t\t\t<\/div>\n\t\t\t\t\t<\/div>\n\t\t<\/div>\n\t\t\t\t\t<\/div>\n\t\t<\/section>\n\t\t\t\t<section class=\"elementor-section elementor-top-section elementor-element elementor-element-47fde3c elementor-section-boxed elementor-section-height-default elementor-section-height-default\" data-id=\"47fde3c\" data-element_type=\"section\" data-settings=\"{&quot;background_background&quot;:&quot;classic&quot;}\">\n\t\t\t\t\t\t<div class=\"elementor-container elementor-column-gap-default\">\n\t\t\t\t\t<div class=\"elementor-column elementor-col-100 elementor-top-column elementor-element elementor-element-4e669de\" data-id=\"4e669de\" data-element_type=\"column\">\n\t\t\t<div class=\"elementor-widget-wrap elementor-element-populated\">\n\t\t\t\t\t\t<div class=\"elementor-element elementor-element-0adacae elementor-widget elementor-widget-spacer\" data-id=\"0adacae\" data-element_type=\"widget\" data-widget_type=\"spacer.default\">\n\t\t\t\t<div class=\"elementor-widget-container\">\n\t\t\t\t\t\t\t<div class=\"elementor-spacer\">\n\t\t\t<div class=\"elementor-spacer-inner\"><\/div>\n\t\t<\/div>\n\t\t\t\t\t\t<\/div>\n\t\t\t\t<\/div>\n\t\t\t\t\t<\/div>\n\t\t<\/div>\n\t\t\t\t\t<\/div>\n\t\t<\/section>\n\t\t\t\t<\/div>\n\t\t","protected":false},"excerpt":{"rendered":"<p>BIOGRAFIA Em dic Irene Vicente Salas, s\u00f3c dramaturga, escen\u00f2grafa, escriptora i performer, entre altres coses&#8230; Em formo com a historiadora de l&#8217;art especialitzada en hist\u00f2ria de les arts esc\u00e8niques a la UB (Barcelona) i a La Sapienza (Roma) i, posteriorment, com a directora i dramaturga a l&#8217;Institut de l&#8217; Teatre (Barcelona i Vic). Curso tamb\u00e9 [&hellip;]<\/p>\n","protected":false},"author":4,"featured_media":0,"parent":0,"menu_order":0,"comment_status":"closed","ping_status":"closed","template":"","meta":{"footnotes":""},"class_list":["post-1168","page","type-page","status-publish","hentry"],"yoast_head":"<!-- This site is optimized with the Yoast SEO Premium plugin v20.11 (Yoast SEO v25.6) - https:\/\/yoast.com\/wordpress\/plugins\/seo\/ -->\n<title>BIOGRAFIA - Irene Vicente Salas<\/title>\n<meta name=\"robots\" content=\"index, follow, max-snippet:-1, max-image-preview:large, max-video-preview:-1\" \/>\n<link rel=\"canonical\" href=\"https:\/\/irenevicente.com\/ca\/biografia\/\" \/>\n<meta property=\"og:locale\" content=\"ca_ES\" \/>\n<meta property=\"og:type\" content=\"article\" \/>\n<meta property=\"og:title\" content=\"BIOGRAFIA\" \/>\n<meta property=\"og:description\" content=\"BIOGRAFIA Em dic Irene Vicente Salas, s\u00f3c dramaturga, escen\u00f2grafa, escriptora i performer, entre altres coses&#8230; Em formo com a historiadora de l&#8217;art especialitzada en hist\u00f2ria de les arts esc\u00e8niques a la UB (Barcelona) i a La Sapienza (Roma) i, posteriorment, com a directora i dramaturga a l&#8217;Institut de l&#8217; Teatre (Barcelona i Vic). Curso tamb\u00e9 [&hellip;]\" \/>\n<meta property=\"og:url\" content=\"https:\/\/irenevicente.com\/ca\/biografia\/\" \/>\n<meta property=\"og:site_name\" content=\"Irene Vicente Salas\" \/>\n<meta property=\"article:modified_time\" content=\"2025-06-25T07:28:02+00:00\" \/>\n<meta property=\"og:image\" content=\"https:\/\/irenevicente.com\/wp-content\/uploads\/2024\/11\/23-11-12_JPG_Ire-a-Claret-102-scaled.jpg\" \/>\n\t<meta property=\"og:image:width\" content=\"1828\" \/>\n\t<meta property=\"og:image:height\" content=\"2560\" \/>\n\t<meta property=\"og:image:type\" content=\"image\/jpeg\" \/>\n<meta name=\"twitter:card\" content=\"summary_large_image\" \/>\n<meta name=\"twitter:label1\" content=\"Temps estimat de lectura\" \/>\n\t<meta name=\"twitter:data1\" content=\"4 minuts\" \/>\n<script type=\"application\/ld+json\" class=\"yoast-schema-graph\">{\"@context\":\"https:\/\/schema.org\",\"@graph\":[{\"@type\":\"WebPage\",\"@id\":\"https:\/\/irenevicente.com\/ca\/biografia\/\",\"url\":\"https:\/\/irenevicente.com\/ca\/biografia\/\",\"name\":\"BIOGRAFIA - Irene Vicente Salas\",\"isPartOf\":{\"@id\":\"https:\/\/irenevicente.com\/#website\"},\"primaryImageOfPage\":{\"@id\":\"https:\/\/irenevicente.com\/ca\/biografia\/#primaryimage\"},\"image\":{\"@id\":\"https:\/\/irenevicente.com\/ca\/biografia\/#primaryimage\"},\"thumbnailUrl\":\"https:\/\/irenevicente.com\/wp-content\/uploads\/2024\/11\/23-11-12_JPG_Ire-a-Claret-102-731x1024.jpg\",\"datePublished\":\"2024-08-19T13:15:29+00:00\",\"dateModified\":\"2025-06-25T07:28:02+00:00\",\"breadcrumb\":{\"@id\":\"https:\/\/irenevicente.com\/ca\/biografia\/#breadcrumb\"},\"inLanguage\":\"ca\",\"potentialAction\":[{\"@type\":\"ReadAction\",\"target\":[\"https:\/\/irenevicente.com\/ca\/biografia\/\"]}]},{\"@type\":\"ImageObject\",\"inLanguage\":\"ca\",\"@id\":\"https:\/\/irenevicente.com\/ca\/biografia\/#primaryimage\",\"url\":\"https:\/\/irenevicente.com\/wp-content\/uploads\/2024\/11\/23-11-12_JPG_Ire-a-Claret-102-731x1024.jpg\",\"contentUrl\":\"https:\/\/irenevicente.com\/wp-content\/uploads\/2024\/11\/23-11-12_JPG_Ire-a-Claret-102-731x1024.jpg\"},{\"@type\":\"BreadcrumbList\",\"@id\":\"https:\/\/irenevicente.com\/ca\/biografia\/#breadcrumb\",\"itemListElement\":[{\"@type\":\"ListItem\",\"position\":1,\"name\":\"Portada\",\"item\":\"https:\/\/irenevicente.com\/ca\/\"},{\"@type\":\"ListItem\",\"position\":2,\"name\":\"BIOGRAFIA\"}]},{\"@type\":\"WebSite\",\"@id\":\"https:\/\/irenevicente.com\/#website\",\"url\":\"https:\/\/irenevicente.com\/\",\"name\":\"Irene Vicente Salas\",\"description\":\"Directora, dramaturga i creadora esc\u00e8nica\",\"potentialAction\":[{\"@type\":\"SearchAction\",\"target\":{\"@type\":\"EntryPoint\",\"urlTemplate\":\"https:\/\/irenevicente.com\/?s={search_term_string}\"},\"query-input\":{\"@type\":\"PropertyValueSpecification\",\"valueRequired\":true,\"valueName\":\"search_term_string\"}}],\"inLanguage\":\"ca\"}]}<\/script>\n<!-- \/ Yoast SEO Premium plugin. -->","yoast_head_json":{"title":"BIOGRAFIA - Irene Vicente Salas","robots":{"index":"index","follow":"follow","max-snippet":"max-snippet:-1","max-image-preview":"max-image-preview:large","max-video-preview":"max-video-preview:-1"},"canonical":"https:\/\/irenevicente.com\/ca\/biografia\/","og_locale":"ca_ES","og_type":"article","og_title":"BIOGRAFIA","og_description":"BIOGRAFIA Em dic Irene Vicente Salas, s\u00f3c dramaturga, escen\u00f2grafa, escriptora i performer, entre altres coses&#8230; Em formo com a historiadora de l&#8217;art especialitzada en hist\u00f2ria de les arts esc\u00e8niques a la UB (Barcelona) i a La Sapienza (Roma) i, posteriorment, com a directora i dramaturga a l&#8217;Institut de l&#8217; Teatre (Barcelona i Vic). Curso tamb\u00e9 [&hellip;]","og_url":"https:\/\/irenevicente.com\/ca\/biografia\/","og_site_name":"Irene Vicente Salas","article_modified_time":"2025-06-25T07:28:02+00:00","og_image":[{"width":1828,"height":2560,"url":"https:\/\/irenevicente.com\/wp-content\/uploads\/2024\/11\/23-11-12_JPG_Ire-a-Claret-102-scaled.jpg","type":"image\/jpeg"}],"twitter_card":"summary_large_image","twitter_misc":{"Temps estimat de lectura":"4 minuts"},"schema":{"@context":"https:\/\/schema.org","@graph":[{"@type":"WebPage","@id":"https:\/\/irenevicente.com\/ca\/biografia\/","url":"https:\/\/irenevicente.com\/ca\/biografia\/","name":"BIOGRAFIA - Irene Vicente Salas","isPartOf":{"@id":"https:\/\/irenevicente.com\/#website"},"primaryImageOfPage":{"@id":"https:\/\/irenevicente.com\/ca\/biografia\/#primaryimage"},"image":{"@id":"https:\/\/irenevicente.com\/ca\/biografia\/#primaryimage"},"thumbnailUrl":"https:\/\/irenevicente.com\/wp-content\/uploads\/2024\/11\/23-11-12_JPG_Ire-a-Claret-102-731x1024.jpg","datePublished":"2024-08-19T13:15:29+00:00","dateModified":"2025-06-25T07:28:02+00:00","breadcrumb":{"@id":"https:\/\/irenevicente.com\/ca\/biografia\/#breadcrumb"},"inLanguage":"ca","potentialAction":[{"@type":"ReadAction","target":["https:\/\/irenevicente.com\/ca\/biografia\/"]}]},{"@type":"ImageObject","inLanguage":"ca","@id":"https:\/\/irenevicente.com\/ca\/biografia\/#primaryimage","url":"https:\/\/irenevicente.com\/wp-content\/uploads\/2024\/11\/23-11-12_JPG_Ire-a-Claret-102-731x1024.jpg","contentUrl":"https:\/\/irenevicente.com\/wp-content\/uploads\/2024\/11\/23-11-12_JPG_Ire-a-Claret-102-731x1024.jpg"},{"@type":"BreadcrumbList","@id":"https:\/\/irenevicente.com\/ca\/biografia\/#breadcrumb","itemListElement":[{"@type":"ListItem","position":1,"name":"Portada","item":"https:\/\/irenevicente.com\/ca\/"},{"@type":"ListItem","position":2,"name":"BIOGRAFIA"}]},{"@type":"WebSite","@id":"https:\/\/irenevicente.com\/#website","url":"https:\/\/irenevicente.com\/","name":"Irene Vicente Salas","description":"Directora, dramaturga i creadora esc\u00e8nica","potentialAction":[{"@type":"SearchAction","target":{"@type":"EntryPoint","urlTemplate":"https:\/\/irenevicente.com\/?s={search_term_string}"},"query-input":{"@type":"PropertyValueSpecification","valueRequired":true,"valueName":"search_term_string"}}],"inLanguage":"ca"}]}},"_links":{"self":[{"href":"https:\/\/irenevicente.com\/ca\/wp-json\/wp\/v2\/pages\/1168","targetHints":{"allow":["GET"]}}],"collection":[{"href":"https:\/\/irenevicente.com\/ca\/wp-json\/wp\/v2\/pages"}],"about":[{"href":"https:\/\/irenevicente.com\/ca\/wp-json\/wp\/v2\/types\/page"}],"author":[{"embeddable":true,"href":"https:\/\/irenevicente.com\/ca\/wp-json\/wp\/v2\/users\/4"}],"replies":[{"embeddable":true,"href":"https:\/\/irenevicente.com\/ca\/wp-json\/wp\/v2\/comments?post=1168"}],"version-history":[{"count":12,"href":"https:\/\/irenevicente.com\/ca\/wp-json\/wp\/v2\/pages\/1168\/revisions"}],"predecessor-version":[{"id":1612,"href":"https:\/\/irenevicente.com\/ca\/wp-json\/wp\/v2\/pages\/1168\/revisions\/1612"}],"wp:attachment":[{"href":"https:\/\/irenevicente.com\/ca\/wp-json\/wp\/v2\/media?parent=1168"}],"curies":[{"name":"wp","href":"https:\/\/api.w.org\/{rel}","templated":true}]}}