{"id":1176,"date":"2024-08-13T15:11:24","date_gmt":"2024-08-13T13:11:24","guid":{"rendered":"https:\/\/irenevicente.com\/escriptura\/"},"modified":"2025-06-21T11:54:56","modified_gmt":"2025-06-21T09:54:56","slug":"escritura","status":"publish","type":"page","link":"https:\/\/irenevicente.com\/ca\/escritura\/","title":{"rendered":"ESCRIPTURA"},"content":{"rendered":"\t\t<div data-elementor-type=\"wp-page\" data-elementor-id=\"1176\" class=\"elementor elementor-1176 elementor-466\" data-elementor-post-type=\"page\">\n\t\t\t\t\t\t<section class=\"elementor-section elementor-top-section elementor-element elementor-element-7e9e8c6 elementor-section-boxed elementor-section-height-default elementor-section-height-default\" data-id=\"7e9e8c6\" data-element_type=\"section\" data-settings=\"{&quot;background_background&quot;:&quot;classic&quot;}\">\n\t\t\t\t\t\t<div class=\"elementor-container elementor-column-gap-default\">\n\t\t\t\t\t<div class=\"elementor-column elementor-col-100 elementor-top-column elementor-element elementor-element-bb5e4df\" data-id=\"bb5e4df\" data-element_type=\"column\">\n\t\t\t<div class=\"elementor-widget-wrap elementor-element-populated\">\n\t\t\t\t\t\t<div class=\"elementor-element elementor-element-e5b4f78 elementor-widget elementor-widget-spacer\" data-id=\"e5b4f78\" data-element_type=\"widget\" data-widget_type=\"spacer.default\">\n\t\t\t\t<div class=\"elementor-widget-container\">\n\t\t\t\t\t\t\t<div class=\"elementor-spacer\">\n\t\t\t<div class=\"elementor-spacer-inner\"><\/div>\n\t\t<\/div>\n\t\t\t\t\t\t<\/div>\n\t\t\t\t<\/div>\n\t\t\t\t<div class=\"elementor-element elementor-element-b1fd49d elementor-widget elementor-widget-heading\" data-id=\"b1fd49d\" data-element_type=\"widget\" data-widget_type=\"heading.default\">\n\t\t\t\t<div class=\"elementor-widget-container\">\n\t\t\t\t\t<h2 class=\"elementor-heading-title elementor-size-default\">ESCRIPTURA<\/h2>\t\t\t\t<\/div>\n\t\t\t\t<\/div>\n\t\t\t\t<div class=\"elementor-element elementor-element-4b456ae elementor-widget elementor-widget-heading\" data-id=\"4b456ae\" data-element_type=\"widget\" data-widget_type=\"heading.default\">\n\t\t\t\t<div class=\"elementor-widget-container\">\n\t\t\t\t\t<h2 class=\"elementor-heading-title elementor-size-default\">VISITA ALS BRONZES DE RIACE: CONNECTAR AMB LA HIST\u00d2RIA A TRAV\u00c9S DEL PROPI COS<\/h2>\t\t\t\t<\/div>\n\t\t\t\t<\/div>\n\t\t\t\t<div class=\"elementor-element elementor-element-3c6e239 elementor-widget elementor-widget-heading\" data-id=\"3c6e239\" data-element_type=\"widget\" data-widget_type=\"heading.default\">\n\t\t\t\t<div class=\"elementor-widget-container\">\n\t\t\t\t\t<h2 class=\"elementor-heading-title elementor-size-default\">(\u2026) I aix\u00ed comen\u00e7a l'espectacle que Moon Ribas i Quim Gir\u00f3n han ideat sobre aquell lloc al qual accedim a trav\u00e9s del forat, aquell lloc que hi ha sota terra. Una investigaci\u00f3 al voltant d'un lloc pr\u00f2xim, per\u00f2 totalment canviat on la poblaci\u00f3 tal com l'infram\u00f3n no juga. Una exhibici\u00f3 dels possibles, d'aquells espais encara per crear i, per tant, per inventar: l'infram\u00f3n, all\u00f2 que hi pot haver sota nostre. (\u2026)   <br><br>Units per la cicatriu del naixement enmig de les nostres panses, aquesta \u00e9s la carretera qu\u00e8 ens porta un\u00e0nimement als nostres ancestres fets de bronze i pedra. Un dia aquests homes van ser carn, o potser nom\u00e9s parts d'ells. La resta, una invenci\u00f3 de l'ideal hum\u00e0 del moment. (\u2026)   <\/h2>\t\t\t\t<\/div>\n\t\t\t\t<\/div>\n\t\t\t\t<div class=\"elementor-element elementor-element-c53274a elementor-widget elementor-widget-heading\" data-id=\"c53274a\" data-element_type=\"widget\" data-widget_type=\"heading.default\">\n\t\t\t\t<div class=\"elementor-widget-container\">\n\t\t\t\t\t<h2 class=\"elementor-heading-title elementor-size-default\"><a href=\"https:\/\/strongerperipheries.eu\/new-publication-now-available-stronger-peripheries-building-a-southern-coalition-in-performing-arts\/\">https:\/\/strongerperipheries.eu\/new-publication-now-available-stronger-peripheries-building-a-southern-coalition-in-performing-arts\/<\/a><\/h2>\t\t\t\t<\/div>\n\t\t\t\t<\/div>\n\t\t\t\t\t<\/div>\n\t\t<\/div>\n\t\t\t\t\t<\/div>\n\t\t<\/section>\n\t\t\t\t<section class=\"elementor-section elementor-top-section elementor-element elementor-element-f2c5620 elementor-section-boxed elementor-section-height-default elementor-section-height-default\" data-id=\"f2c5620\" data-element_type=\"section\" data-settings=\"{&quot;background_background&quot;:&quot;classic&quot;}\">\n\t\t\t\t\t\t<div class=\"elementor-container elementor-column-gap-default\">\n\t\t\t\t\t<div class=\"elementor-column elementor-col-100 elementor-top-column elementor-element elementor-element-150b707\" data-id=\"150b707\" data-element_type=\"column\">\n\t\t\t<div class=\"elementor-widget-wrap elementor-element-populated\">\n\t\t\t\t\t\t<div class=\"elementor-element elementor-element-77b0472 elementor-widget elementor-widget-spacer\" data-id=\"77b0472\" data-element_type=\"widget\" data-widget_type=\"spacer.default\">\n\t\t\t\t<div class=\"elementor-widget-container\">\n\t\t\t\t\t\t\t<div class=\"elementor-spacer\">\n\t\t\t<div class=\"elementor-spacer-inner\"><\/div>\n\t\t<\/div>\n\t\t\t\t\t\t<\/div>\n\t\t\t\t<\/div>\n\t\t\t\t<div class=\"elementor-element elementor-element-4c526c5 elementor-widget elementor-widget-heading\" data-id=\"4c526c5\" data-element_type=\"widget\" data-widget_type=\"heading.default\">\n\t\t\t\t<div class=\"elementor-widget-container\">\n\t\t\t\t\t<h2 class=\"elementor-heading-title elementor-size-default\">SOTA TERRA, A LA RECERCA D'UN TEMPS TEL\u00b7L\u00daRIC, D'UN ESPAI AT\u00c0VIC<\/h2>\t\t\t\t<\/div>\n\t\t\t\t<\/div>\n\t\t\t\t<section class=\"elementor-section elementor-inner-section elementor-element elementor-element-27e3590 elementor-section-boxed elementor-section-height-default elementor-section-height-default\" data-id=\"27e3590\" data-element_type=\"section\">\n\t\t\t\t\t\t<div class=\"elementor-container elementor-column-gap-default\">\n\t\t\t\t\t<div class=\"elementor-column elementor-col-50 elementor-inner-column elementor-element elementor-element-171e4fb\" data-id=\"171e4fb\" data-element_type=\"column\">\n\t\t\t<div class=\"elementor-widget-wrap elementor-element-populated\">\n\t\t\t\t\t\t<div class=\"elementor-element elementor-element-a2c9fad elementor-widget__width-initial elementor-widget elementor-widget-image\" data-id=\"a2c9fad\" data-element_type=\"widget\" data-widget_type=\"image.default\">\n\t\t\t\t<div class=\"elementor-widget-container\">\n\t\t\t\t\t\t\t\t\t\t\t\t\t\t\t<img decoding=\"async\" src=\"https:\/\/irenevicente.com\/wp-content\/uploads\/2024\/11\/IMG_1262-scaled.jpeg\" title=\"IMG_1262\" alt=\"IMG_1262\" loading=\"lazy\" \/>\t\t\t\t\t\t\t\t\t\t\t\t\t\t\t<\/div>\n\t\t\t\t<\/div>\n\t\t\t\t<div class=\"elementor-element elementor-element-d9acfed elementor-widget elementor-widget-heading\" data-id=\"d9acfed\" data-element_type=\"widget\" data-widget_type=\"heading.default\">\n\t\t\t\t<div class=\"elementor-widget-container\">\n\t\t\t\t\t<h2 class=\"elementor-heading-title elementor-size-default\">  Proc\u00e9s descriptura per Sota Terra<\/h2>\t\t\t\t<\/div>\n\t\t\t\t<\/div>\n\t\t\t\t\t<\/div>\n\t\t<\/div>\n\t\t\t\t<div class=\"elementor-column elementor-col-50 elementor-inner-column elementor-element elementor-element-5975cfa\" data-id=\"5975cfa\" data-element_type=\"column\">\n\t\t\t<div class=\"elementor-widget-wrap elementor-element-populated\">\n\t\t\t\t\t\t\t<\/div>\n\t\t<\/div>\n\t\t\t\t\t<\/div>\n\t\t<\/section>\n\t\t\t\t<div class=\"elementor-element elementor-element-d2c9d8f elementor-widget elementor-widget-heading\" data-id=\"d2c9d8f\" data-element_type=\"widget\" data-widget_type=\"heading.default\">\n\t\t\t\t<div class=\"elementor-widget-container\">\n\t\t\t\t\t<h2 class=\"elementor-heading-title elementor-size-default\"><br>(...) \" La tecnologia com a mitj\u00e0 per comunicar-nos amb la natura i intentar comprendre-la \u00e9s el prefaci d'aquesta proposta: s'entrega a cada espectador una llum frontal i una polsera connectada a la xarxa de terratr\u00e8mols que vibra cada vegada que n'ocorre un. Els frontals que porta cada espectador s\u00f3n l'\u00fanica il\u00b7luminaci\u00f3 de l'espectacle. No hi ha m\u00e9s focus que la llum dels observadors. Com a espectador, tens el poder absolut sobre el lloc al qual mires. Pots il\u00b7luminar l'escena, els laterals, el sostre, fins i tot el pati de butaques. Com un espele\u00f2leg, est\u00e0 a les teves mans el recorregut de la investigaci\u00f3 que vulguis dur a terme durant l'espectacle. Ara m\u00e9s que mai, aquest espectacle no es pot veure si no hi ha qui el miri. La q\u00fcesti\u00f3 budista de \"si un arbre cau enmig del bosc i ning\u00fa ho veu, \u00bffa soroll?\" cobra tota la seva pot\u00e8ncia aqu\u00ed. \" (...)<br><br>Irene Vicente Salas, 5 de novembre de 2023<br><br><\/h2>\t\t\t\t<\/div>\n\t\t\t\t<\/div>\n\t\t\t\t\t<\/div>\n\t\t<\/div>\n\t\t\t\t\t<\/div>\n\t\t<\/section>\n\t\t\t\t<section class=\"elementor-section elementor-top-section elementor-element elementor-element-752052a elementor-section-boxed elementor-section-height-default elementor-section-height-default\" data-id=\"752052a\" data-element_type=\"section\">\n\t\t\t\t\t\t<div class=\"elementor-container elementor-column-gap-default\">\n\t\t\t\t\t<div class=\"elementor-column elementor-col-100 elementor-top-column elementor-element elementor-element-6d3107c\" data-id=\"6d3107c\" data-element_type=\"column\">\n\t\t\t<div class=\"elementor-widget-wrap elementor-element-populated\">\n\t\t\t\t\t\t<div class=\"elementor-element elementor-element-5917bfb elementor-widget elementor-widget-heading\" data-id=\"5917bfb\" data-element_type=\"widget\" data-widget_type=\"heading.default\">\n\t\t\t\t<div class=\"elementor-widget-container\">\n\t\t\t\t\t<h2 class=\"elementor-heading-title elementor-size-default\">REFER\u00c8NCIES<\/h2>\t\t\t\t<\/div>\n\t\t\t\t<\/div>\n\t\t\t\t<div class=\"elementor-element elementor-element-ad07628 elementor-widget elementor-widget-heading\" data-id=\"ad07628\" data-element_type=\"widget\" data-widget_type=\"heading.default\">\n\t\t\t\t<div class=\"elementor-widget-container\">\n\t\t\t\t\t<h2 class=\"elementor-heading-title elementor-size-default\">Teoria dels cossos foradats, Marta Segarra<\/h2>\t\t\t\t<\/div>\n\t\t\t\t<\/div>\n\t\t\t\t<div class=\"elementor-element elementor-element-87e1cb1 elementor-widget elementor-widget-heading\" data-id=\"87e1cb1\" data-element_type=\"widget\" data-widget_type=\"heading.default\">\n\t\t\t\t<div class=\"elementor-widget-container\">\n\t\t\t\t\t<h2 class=\"elementor-heading-title elementor-size-default\"><a href=\"https:\/\/www.m-arteyculturavisual.com\/2014\/10\/17\/teoria-de-los-cuerpos-agujereados-de-marta-segarra\/\">https:\/\/www.m-arteyculturavisual.com\/2014\/10\/17\/teoria-de-los-cuerpos-agujereados-de-marta-segarra\/\n<\/a><\/h2>\t\t\t\t<\/div>\n\t\t\t\t<\/div>\n\t\t\t\t<div class=\"elementor-element elementor-element-c606f39 elementor-widget elementor-widget-heading\" data-id=\"c606f39\" data-element_type=\"widget\" data-widget_type=\"heading.default\">\n\t\t\t\t<div class=\"elementor-widget-container\">\n\t\t\t\t\t<h2 class=\"elementor-heading-title elementor-size-default\">Earthquake Hazards Program  <\/h2>\t\t\t\t<\/div>\n\t\t\t\t<\/div>\n\t\t\t\t<div class=\"elementor-element elementor-element-80b5a4f elementor-widget elementor-widget-heading\" data-id=\"80b5a4f\" data-element_type=\"widget\" data-widget_type=\"heading.default\">\n\t\t\t\t<div class=\"elementor-widget-container\">\n\t\t\t\t\t<h2 class=\"elementor-heading-title elementor-size-default\"><a href=\"https:\/\/earthquake.usgs.gov\/earthquakes\/map\/?extent=-79.62406,86.83594&#038;extent=84.64078,604.33594\">https:\/\/earthquake.usgs.gov\/earthquakes\/map\/?extent=-79.62406,86.83594&amp;extent=84.64078,604.33594\n<\/a><\/h2>\t\t\t\t<\/div>\n\t\t\t\t<\/div>\n\t\t\t\t<div class=\"elementor-element elementor-element-8886c9e elementor-widget elementor-widget-heading\" data-id=\"8886c9e\" data-element_type=\"widget\" data-widget_type=\"heading.default\">\n\t\t\t\t<div class=\"elementor-widget-container\">\n\t\t\t\t\t<h2 class=\"elementor-heading-title elementor-size-default\">Cave of Forgotten Dreams, Werner Herzog  <\/h2>\t\t\t\t<\/div>\n\t\t\t\t<\/div>\n\t\t\t\t<div class=\"elementor-element elementor-element-645c6f6 elementor-widget elementor-widget-heading\" data-id=\"645c6f6\" data-element_type=\"widget\" data-widget_type=\"heading.default\">\n\t\t\t\t<div class=\"elementor-widget-container\">\n\t\t\t\t\t<h2 class=\"elementor-heading-title elementor-size-default\"><a href=\"https:\/\/www.filmaffinity.com\/es\/film444830.html\">https:\/\/www.filmaffinity.com\/es\/film444830.html\n<\/a><\/h2>\t\t\t\t<\/div>\n\t\t\t\t<\/div>\n\t\t\t\t<div class=\"elementor-element elementor-element-94f7949 elementor-widget elementor-widget-heading\" data-id=\"94f7949\" data-element_type=\"widget\" data-widget_type=\"heading.default\">\n\t\t\t\t<div class=\"elementor-widget-container\">\n\t\t\t\t\t<h2 class=\"elementor-heading-title elementor-size-default\">Voyage au centre de la Terre, Jules Verne<\/h2>\t\t\t\t<\/div>\n\t\t\t\t<\/div>\n\t\t\t\t<div class=\"elementor-element elementor-element-9aaa336 elementor-widget elementor-widget-heading\" data-id=\"9aaa336\" data-element_type=\"widget\" data-widget_type=\"heading.default\">\n\t\t\t\t<div class=\"elementor-widget-container\">\n\t\t\t\t\t<h2 class=\"elementor-heading-title elementor-size-default\"><a href=\"https:\/\/ca.wikipedia.org\/wiki\/Viatge_al_centre_de_la_Terra_(novel%C2%B7la)\">https:\/\/ca.wikipedia.org\/wiki\/Viatge_al_centre_de_la_Terra_(novel%C2%B7la)<\/a><\/h2>\t\t\t\t<\/div>\n\t\t\t\t<\/div>\n\t\t\t\t<div class=\"elementor-element elementor-element-5b12b81 elementor-widget elementor-widget-heading\" data-id=\"5b12b81\" data-element_type=\"widget\" data-widget_type=\"heading.default\">\n\t\t\t\t<div class=\"elementor-widget-container\">\n\t\t\t\t\t<h2 class=\"elementor-heading-title elementor-size-default\">Les cigales poden viure fins a 17 anys sota terra<\/h2>\t\t\t\t<\/div>\n\t\t\t\t<\/div>\n\t\t\t\t<div class=\"elementor-element elementor-element-3d0d2cc elementor-widget elementor-widget-heading\" data-id=\"3d0d2cc\" data-element_type=\"widget\" data-widget_type=\"heading.default\">\n\t\t\t\t<div class=\"elementor-widget-container\">\n\t\t\t\t\t<h2 class=\"elementor-heading-title elementor-size-default\"><a href=\"https:\/\/www.ccma.cat\/324\/despres-de-17-anys-sota-terra-milions-de-cigales-periodiques-resorgeixen-als-eua\/noticia\/3099003\/\">https:\/\/www.ccma.cat\/324\/despres-de-17-anys-sota-terra-milions-de-cigales-periodiques-resorgeixen-als-eua\/noticia\/3099003\/\n<\/a><\/h2>\t\t\t\t<\/div>\n\t\t\t\t<\/div>\n\t\t\t\t<div class=\"elementor-element elementor-element-f5a7f5c elementor-widget elementor-widget-heading\" data-id=\"f5a7f5c\" data-element_type=\"widget\" data-widget_type=\"heading.default\">\n\t\t\t\t<div class=\"elementor-widget-container\">\n\t\t\t\t\t<h2 class=\"elementor-heading-title elementor-size-default\">Les coves de Su Manau<\/h2>\t\t\t\t<\/div>\n\t\t\t\t<\/div>\n\t\t\t\t<div class=\"elementor-element elementor-element-c293fe4 elementor-widget elementor-widget-heading\" data-id=\"c293fe4\" data-element_type=\"widget\" data-widget_type=\"heading.default\">\n\t\t\t\t<div class=\"elementor-widget-container\">\n\t\t\t\t\t<h2 class=\"elementor-heading-title elementor-size-default\"><a href=\"https:\/\/www.sumannau.it\/\">https:\/\/www.sumannau.it\/\n<\/a><\/h2>\t\t\t\t<\/div>\n\t\t\t\t<\/div>\n\t\t\t\t<div class=\"elementor-element elementor-element-81e3c50 elementor-widget elementor-widget-heading\" data-id=\"81e3c50\" data-element_type=\"widget\" data-widget_type=\"heading.default\">\n\t\t\t\t<div class=\"elementor-widget-container\">\n\t\t\t\t\t<h2 class=\"elementor-heading-title elementor-size-default\">Stronger Peripheries<\/h2>\t\t\t\t<\/div>\n\t\t\t\t<\/div>\n\t\t\t\t<div class=\"elementor-element elementor-element-11c58ee elementor-widget elementor-widget-heading\" data-id=\"11c58ee\" data-element_type=\"widget\" data-widget_type=\"heading.default\">\n\t\t\t\t<div class=\"elementor-widget-container\">\n\t\t\t\t\t<h2 class=\"elementor-heading-title elementor-size-default\"><a href=\"https:\/\/www.txac.cat\/txac\/tag\/stronger-peripheries\/\"> \nhttps:\/\/www.txac.cat\/txac\/tag\/stronger-peripheries\/\n<\/a><\/h2>\t\t\t\t<\/div>\n\t\t\t\t<\/div>\n\t\t\t\t<div class=\"elementor-element elementor-element-1f73714 elementor-widget elementor-widget-heading\" data-id=\"1f73714\" data-element_type=\"widget\" data-widget_type=\"heading.default\">\n\t\t\t\t<div class=\"elementor-widget-container\">\n\t\t\t\t\t<h2 class=\"elementor-heading-title elementor-size-default\">Moon Ribas i Quim Giron<\/h2>\t\t\t\t<\/div>\n\t\t\t\t<\/div>\n\t\t\t\t<div class=\"elementor-element elementor-element-03722bb elementor-widget elementor-widget-heading\" data-id=\"03722bb\" data-element_type=\"widget\" data-widget_type=\"heading.default\">\n\t\t\t\t<div class=\"elementor-widget-container\">\n\t\t\t\t\t<h2 class=\"elementor-heading-title elementor-size-default\"><a href=\"https:\/\/www.moonribasquimgiron.com\/\">https:\/\/www.moonribasquimgiron.com\/\n<\/a><\/h2>\t\t\t\t<\/div>\n\t\t\t\t<\/div>\n\t\t\t\t<div class=\"elementor-element elementor-element-aa2c458 elementor-widget elementor-widget-heading\" data-id=\"aa2c458\" data-element_type=\"widget\" data-widget_type=\"heading.default\">\n\t\t\t\t<div class=\"elementor-widget-container\">\n\t\t\t\t\t<h2 class=\"elementor-heading-title elementor-size-default\">Joan Cot Ros<\/h2>\t\t\t\t<\/div>\n\t\t\t\t<\/div>\n\t\t\t\t<div class=\"elementor-element elementor-element-e97bbc5 elementor-widget elementor-widget-heading\" data-id=\"e97bbc5\" data-element_type=\"widget\" data-widget_type=\"heading.default\">\n\t\t\t\t<div class=\"elementor-widget-container\">\n\t\t\t\t\t<h2 class=\"elementor-heading-title elementor-size-default\"><a href=\"https:\/\/joancotros.org\/#\/\">https:\/\/joancotros.org\/#\/<\/a><\/h2>\t\t\t\t<\/div>\n\t\t\t\t<\/div>\n\t\t\t\t<div class=\"elementor-element elementor-element-d002f11 elementor-widget elementor-widget-heading\" data-id=\"d002f11\" data-element_type=\"widget\" data-widget_type=\"heading.default\">\n\t\t\t\t<div class=\"elementor-widget-container\">\n\t\t\t\t\t<h2 class=\"elementor-heading-title elementor-size-default\">Nacho Montenegro<\/h2>\t\t\t\t<\/div>\n\t\t\t\t<\/div>\n\t\t\t\t<div class=\"elementor-element elementor-element-a268c2a elementor-widget elementor-widget-heading\" data-id=\"a268c2a\" data-element_type=\"widget\" data-widget_type=\"heading.default\">\n\t\t\t\t<div class=\"elementor-widget-container\">\n\t\t\t\t\t<h2 class=\"elementor-heading-title elementor-size-default\"><a href=\"https:\/\/www.nachomontenegro.com\/\">https:\/\/www.nachomontenegro.com\/<\/a><\/h2>\t\t\t\t<\/div>\n\t\t\t\t<\/div>\n\t\t\t\t\t<\/div>\n\t\t<\/div>\n\t\t\t\t\t<\/div>\n\t\t<\/section>\n\t\t\t\t<\/div>\n\t\t","protected":false},"excerpt":{"rendered":"<p>ESCRIPTURA VISITA ALS BRONZES DE RIACE: CONNECTAR AMB LA HIST\u00d2RIA A TRAV\u00c9S DEL PROPI COS (\u2026) I aix\u00ed comen\u00e7a l&#8217;espectacle que Moon Ribas i Quim Gir\u00f3n han ideat sobre aquell lloc al qual accedim a trav\u00e9s del forat, aquell lloc que hi ha sota terra. Una investigaci\u00f3 al voltant d&#8217;un lloc pr\u00f2xim, per\u00f2 totalment canviat [&hellip;]<\/p>\n","protected":false},"author":4,"featured_media":0,"parent":0,"menu_order":0,"comment_status":"closed","ping_status":"closed","template":"","meta":{"footnotes":""},"class_list":["post-1176","page","type-page","status-publish","hentry"],"yoast_head":"<!-- This site is optimized with the Yoast SEO Premium plugin v20.11 (Yoast SEO v25.6) - https:\/\/yoast.com\/wordpress\/plugins\/seo\/ -->\n<title>ESCRIPTURA - Irene Vicente Salas<\/title>\n<meta name=\"robots\" content=\"index, follow, max-snippet:-1, max-image-preview:large, max-video-preview:-1\" \/>\n<link rel=\"canonical\" href=\"https:\/\/irenevicente.com\/ca\/escritura\/\" \/>\n<meta property=\"og:locale\" content=\"ca_ES\" \/>\n<meta property=\"og:type\" content=\"article\" \/>\n<meta property=\"og:title\" content=\"ESCRIPTURA\" \/>\n<meta property=\"og:description\" content=\"ESCRIPTURA VISITA ALS BRONZES DE RIACE: CONNECTAR AMB LA HIST\u00d2RIA A TRAV\u00c9S DEL PROPI COS (\u2026) I aix\u00ed comen\u00e7a l&#8217;espectacle que Moon Ribas i Quim Gir\u00f3n han ideat sobre aquell lloc al qual accedim a trav\u00e9s del forat, aquell lloc que hi ha sota terra. Una investigaci\u00f3 al voltant d&#8217;un lloc pr\u00f2xim, per\u00f2 totalment canviat [&hellip;]\" \/>\n<meta property=\"og:url\" content=\"https:\/\/irenevicente.com\/ca\/escritura\/\" \/>\n<meta property=\"og:site_name\" content=\"Irene Vicente Salas\" \/>\n<meta property=\"article:modified_time\" content=\"2025-06-21T09:54:56+00:00\" \/>\n<meta property=\"og:image\" content=\"https:\/\/irenevicente.com\/wp-content\/uploads\/2024\/11\/IMG_1262-scaled.jpeg\" \/>\n<meta name=\"twitter:card\" content=\"summary_large_image\" \/>\n<meta name=\"twitter:label1\" content=\"Temps estimat de lectura\" \/>\n\t<meta name=\"twitter:data1\" content=\"2 minuts\" \/>\n<script type=\"application\/ld+json\" class=\"yoast-schema-graph\">{\"@context\":\"https:\/\/schema.org\",\"@graph\":[{\"@type\":\"WebPage\",\"@id\":\"https:\/\/irenevicente.com\/ca\/escritura\/\",\"url\":\"https:\/\/irenevicente.com\/ca\/escritura\/\",\"name\":\"ESCRIPTURA - Irene Vicente Salas\",\"isPartOf\":{\"@id\":\"https:\/\/irenevicente.com\/#website\"},\"primaryImageOfPage\":{\"@id\":\"https:\/\/irenevicente.com\/ca\/escritura\/#primaryimage\"},\"image\":{\"@id\":\"https:\/\/irenevicente.com\/ca\/escritura\/#primaryimage\"},\"thumbnailUrl\":\"https:\/\/irenevicente.com\/wp-content\/uploads\/2024\/11\/IMG_1262-scaled.jpeg\",\"datePublished\":\"2024-08-13T13:11:24+00:00\",\"dateModified\":\"2025-06-21T09:54:56+00:00\",\"breadcrumb\":{\"@id\":\"https:\/\/irenevicente.com\/ca\/escritura\/#breadcrumb\"},\"inLanguage\":\"ca\",\"potentialAction\":[{\"@type\":\"ReadAction\",\"target\":[\"https:\/\/irenevicente.com\/ca\/escritura\/\"]}]},{\"@type\":\"ImageObject\",\"inLanguage\":\"ca\",\"@id\":\"https:\/\/irenevicente.com\/ca\/escritura\/#primaryimage\",\"url\":\"https:\/\/irenevicente.com\/wp-content\/uploads\/2024\/11\/IMG_1262-scaled.jpeg\",\"contentUrl\":\"https:\/\/irenevicente.com\/wp-content\/uploads\/2024\/11\/IMG_1262-scaled.jpeg\"},{\"@type\":\"BreadcrumbList\",\"@id\":\"https:\/\/irenevicente.com\/ca\/escritura\/#breadcrumb\",\"itemListElement\":[{\"@type\":\"ListItem\",\"position\":1,\"name\":\"Portada\",\"item\":\"https:\/\/irenevicente.com\/ca\/\"},{\"@type\":\"ListItem\",\"position\":2,\"name\":\"ESCRIPTURA\"}]},{\"@type\":\"WebSite\",\"@id\":\"https:\/\/irenevicente.com\/#website\",\"url\":\"https:\/\/irenevicente.com\/\",\"name\":\"Irene Vicente Salas\",\"description\":\"Directora, dramaturga i creadora esc\u00e8nica\",\"potentialAction\":[{\"@type\":\"SearchAction\",\"target\":{\"@type\":\"EntryPoint\",\"urlTemplate\":\"https:\/\/irenevicente.com\/?s={search_term_string}\"},\"query-input\":{\"@type\":\"PropertyValueSpecification\",\"valueRequired\":true,\"valueName\":\"search_term_string\"}}],\"inLanguage\":\"ca\"}]}<\/script>\n<!-- \/ Yoast SEO Premium plugin. -->","yoast_head_json":{"title":"ESCRIPTURA - Irene Vicente Salas","robots":{"index":"index","follow":"follow","max-snippet":"max-snippet:-1","max-image-preview":"max-image-preview:large","max-video-preview":"max-video-preview:-1"},"canonical":"https:\/\/irenevicente.com\/ca\/escritura\/","og_locale":"ca_ES","og_type":"article","og_title":"ESCRIPTURA","og_description":"ESCRIPTURA VISITA ALS BRONZES DE RIACE: CONNECTAR AMB LA HIST\u00d2RIA A TRAV\u00c9S DEL PROPI COS (\u2026) I aix\u00ed comen\u00e7a l&#8217;espectacle que Moon Ribas i Quim Gir\u00f3n han ideat sobre aquell lloc al qual accedim a trav\u00e9s del forat, aquell lloc que hi ha sota terra. Una investigaci\u00f3 al voltant d&#8217;un lloc pr\u00f2xim, per\u00f2 totalment canviat [&hellip;]","og_url":"https:\/\/irenevicente.com\/ca\/escritura\/","og_site_name":"Irene Vicente Salas","article_modified_time":"2025-06-21T09:54:56+00:00","og_image":[{"url":"https:\/\/irenevicente.com\/wp-content\/uploads\/2024\/11\/IMG_1262-scaled.jpeg","type":"","width":"","height":""}],"twitter_card":"summary_large_image","twitter_misc":{"Temps estimat de lectura":"2 minuts"},"schema":{"@context":"https:\/\/schema.org","@graph":[{"@type":"WebPage","@id":"https:\/\/irenevicente.com\/ca\/escritura\/","url":"https:\/\/irenevicente.com\/ca\/escritura\/","name":"ESCRIPTURA - Irene Vicente Salas","isPartOf":{"@id":"https:\/\/irenevicente.com\/#website"},"primaryImageOfPage":{"@id":"https:\/\/irenevicente.com\/ca\/escritura\/#primaryimage"},"image":{"@id":"https:\/\/irenevicente.com\/ca\/escritura\/#primaryimage"},"thumbnailUrl":"https:\/\/irenevicente.com\/wp-content\/uploads\/2024\/11\/IMG_1262-scaled.jpeg","datePublished":"2024-08-13T13:11:24+00:00","dateModified":"2025-06-21T09:54:56+00:00","breadcrumb":{"@id":"https:\/\/irenevicente.com\/ca\/escritura\/#breadcrumb"},"inLanguage":"ca","potentialAction":[{"@type":"ReadAction","target":["https:\/\/irenevicente.com\/ca\/escritura\/"]}]},{"@type":"ImageObject","inLanguage":"ca","@id":"https:\/\/irenevicente.com\/ca\/escritura\/#primaryimage","url":"https:\/\/irenevicente.com\/wp-content\/uploads\/2024\/11\/IMG_1262-scaled.jpeg","contentUrl":"https:\/\/irenevicente.com\/wp-content\/uploads\/2024\/11\/IMG_1262-scaled.jpeg"},{"@type":"BreadcrumbList","@id":"https:\/\/irenevicente.com\/ca\/escritura\/#breadcrumb","itemListElement":[{"@type":"ListItem","position":1,"name":"Portada","item":"https:\/\/irenevicente.com\/ca\/"},{"@type":"ListItem","position":2,"name":"ESCRIPTURA"}]},{"@type":"WebSite","@id":"https:\/\/irenevicente.com\/#website","url":"https:\/\/irenevicente.com\/","name":"Irene Vicente Salas","description":"Directora, dramaturga i creadora esc\u00e8nica","potentialAction":[{"@type":"SearchAction","target":{"@type":"EntryPoint","urlTemplate":"https:\/\/irenevicente.com\/?s={search_term_string}"},"query-input":{"@type":"PropertyValueSpecification","valueRequired":true,"valueName":"search_term_string"}}],"inLanguage":"ca"}]}},"_links":{"self":[{"href":"https:\/\/irenevicente.com\/ca\/wp-json\/wp\/v2\/pages\/1176","targetHints":{"allow":["GET"]}}],"collection":[{"href":"https:\/\/irenevicente.com\/ca\/wp-json\/wp\/v2\/pages"}],"about":[{"href":"https:\/\/irenevicente.com\/ca\/wp-json\/wp\/v2\/types\/page"}],"author":[{"embeddable":true,"href":"https:\/\/irenevicente.com\/ca\/wp-json\/wp\/v2\/users\/4"}],"replies":[{"embeddable":true,"href":"https:\/\/irenevicente.com\/ca\/wp-json\/wp\/v2\/comments?post=1176"}],"version-history":[{"count":10,"href":"https:\/\/irenevicente.com\/ca\/wp-json\/wp\/v2\/pages\/1176\/revisions"}],"predecessor-version":[{"id":1587,"href":"https:\/\/irenevicente.com\/ca\/wp-json\/wp\/v2\/pages\/1176\/revisions\/1587"}],"wp:attachment":[{"href":"https:\/\/irenevicente.com\/ca\/wp-json\/wp\/v2\/media?parent=1176"}],"curies":[{"name":"wp","href":"https:\/\/api.w.org\/{rel}","templated":true}]}}